{"id":95,"date":"2020-10-07T06:38:53","date_gmt":"2020-10-07T06:38:53","guid":{"rendered":"http:\/\/edicionesbarek.com\/?page_id=95"},"modified":"2024-05-20T16:49:45","modified_gmt":"2024-05-20T16:49:45","slug":"discos","status":"publish","type":"page","link":"http:\/\/edicionesbarek.com\/?page_id=95","title":{"rendered":"Discos y \u00e1lbumes"},"content":{"rendered":"<h3 style=\"text-align: center;\"><strong>Canto eclesi\u00e1stico<br \/>\nbizantino en espa\u00f1ol<\/strong><\/h3>\n<p style=\"text-align: center;\">\u00a1El tesoro de la cristiandad de Oriente por fin en espa\u00f1ol!<\/p>\n<p>&nbsp;<\/p>\n<p>Esta serie de discos compactos grabados por el Coro de la Catedral de San Jorge en la Ciudad de M\u00e9xico nos recuerda el fervor y el misticismo de las comunidades cristianas del lugar donde surgi\u00f3 la Iglesia primitiva.\u00a0 As\u00ed como el coro de la arquidi\u00f3cesis\u00a0 \u00abSan Romano el Melodista\u00bb.<\/p>\n<p>Como todas las artes eclesi\u00e1sticas, la m\u00fasica bizantina se ha realizado en el ambiente de la experiencia eclesi\u00e1stica, y precisamente en la matriz del monaquismo. As\u00ed que sus l\u00edneas musicales se han formado por los suspiros de hombres llenos del Esp\u00edritu, como san Juan Damasceno y san Romano el Melodista, y su car\u00e1cter solemne y sencillo ha emanado de las celdas mon\u00e1sticas donde el incienso de la oraci\u00f3n, \u201ccomo suave fragancia espiritual\u201d, no cesa de elevarse hacia Dios.<\/p>\n<p>\u00a1Disfr\u00fatelo!<\/p>\n<p>&nbsp;<\/p>\n<p><a href=\"https:\/\/edicionesbarek.com\/?p=2313\" target=\"_blank\" rel=\"noopener\"><strong>Troparios diarios I<\/strong><\/a><\/p>\n<p><a href=\"http:\/\/edicionesbarek.com\/?p=2313\" target=\"_blank\" rel=\"noopener\"><img loading=\"lazy\" decoding=\"async\" class=\"wp-image-2330 alignleft\" src=\"http:\/\/edicionesbarek.com\/wp-content\/uploads\/2024\/05\/Portada_Troparios_cuadrada-1-300x300.png\" alt=\"\" width=\"154\" height=\"154\" srcset=\"http:\/\/edicionesbarek.com\/wp-content\/uploads\/2024\/05\/Portada_Troparios_cuadrada-1-300x300.png 300w, http:\/\/edicionesbarek.com\/wp-content\/uploads\/2024\/05\/Portada_Troparios_cuadrada-1-1024x1024.png 1024w, http:\/\/edicionesbarek.com\/wp-content\/uploads\/2024\/05\/Portada_Troparios_cuadrada-1-150x150.png 150w, http:\/\/edicionesbarek.com\/wp-content\/uploads\/2024\/05\/Portada_Troparios_cuadrada-1-768x768.png 768w, http:\/\/edicionesbarek.com\/wp-content\/uploads\/2024\/05\/Portada_Troparios_cuadrada-1-65x65.png 65w, http:\/\/edicionesbarek.com\/wp-content\/uploads\/2024\/05\/Portada_Troparios_cuadrada-1.png 1417w\" sizes=\"(max-width: 154px) 100vw, 154px\" \/><\/a>\u00c1lbum del \u00abCoro san Romano Melodista\u00bb que tiene 100 troparios de santos de la Iglesia Ortodoxa, del primer y segundo milenio.<\/p>\n<p>&nbsp;<\/p>\n<p>&nbsp;<\/p>\n<p>&nbsp;<\/p>\n<p>&nbsp;<\/p>\n<p>&nbsp;<\/p>\n<p>&nbsp;<\/p>\n<p>&nbsp;<\/p>\n<p>&nbsp;<\/p>\n<p><a href=\"https:\/\/edicionesbarek.com\/?p=2326\" target=\"_blank\" rel=\"noopener\"><strong>Troparios diarios II<\/strong><\/a><\/p>\n<p><a href=\"http:\/\/edicionesbarek.com\/?p=2326\" target=\"_blank\" rel=\"noopener\"><img loading=\"lazy\" decoding=\"async\" class=\"wp-image-2332 alignleft\" src=\"http:\/\/edicionesbarek.com\/wp-content\/uploads\/2024\/05\/Portada_Troparios_cuadrada-300x300.png\" alt=\"\" width=\"152\" height=\"152\" srcset=\"http:\/\/edicionesbarek.com\/wp-content\/uploads\/2024\/05\/Portada_Troparios_cuadrada-300x300.png 300w, http:\/\/edicionesbarek.com\/wp-content\/uploads\/2024\/05\/Portada_Troparios_cuadrada-1024x1024.png 1024w, http:\/\/edicionesbarek.com\/wp-content\/uploads\/2024\/05\/Portada_Troparios_cuadrada-150x150.png 150w, http:\/\/edicionesbarek.com\/wp-content\/uploads\/2024\/05\/Portada_Troparios_cuadrada-768x768.png 768w, http:\/\/edicionesbarek.com\/wp-content\/uploads\/2024\/05\/Portada_Troparios_cuadrada-65x65.png 65w, http:\/\/edicionesbarek.com\/wp-content\/uploads\/2024\/05\/Portada_Troparios_cuadrada.png 1417w\" sizes=\"(max-width: 152px) 100vw, 152px\" \/><\/a>\u00c1lbum del \u00abCoro san Romano Melodista\u00bb que tiene 52 troparios y condaquios de las fiestas del Se\u00f1or, la Madre de Dios, San Juan Bautista, la santa Cruz, tambi\u00e9n los troparios del Triodion, del Pentecostarion y los troparios com\u00fanes de los santos.<\/p>\n<p>&nbsp;<\/p>\n<p>&nbsp;<\/p>\n<p>&nbsp;<\/p>\n<p>&nbsp;<\/p>\n<p>&nbsp;<\/p>\n<p>&nbsp;<\/p>\n<p>&nbsp;<\/p>\n<p>&nbsp;<\/p>\n<h5><a href=\"http:\/\/edicionesbarek.com\/wp-content\/uploads\/2021\/01\/Miniatura_Disco1.png\"><img loading=\"lazy\" decoding=\"async\" class=\"alignleft wp-image-422 size-thumbnail\" title=\"Natividad de Nuestro Se\u00f1or\" src=\"http:\/\/edicionesbarek.com\/wp-content\/uploads\/2021\/01\/Miniatura_Disco1-150x150.png\" alt=\"\" width=\"150\" height=\"150\" srcset=\"http:\/\/edicionesbarek.com\/wp-content\/uploads\/2021\/01\/Miniatura_Disco1-150x150.png 150w, http:\/\/edicionesbarek.com\/wp-content\/uploads\/2021\/01\/Miniatura_Disco1-300x300.png 300w, http:\/\/edicionesbarek.com\/wp-content\/uploads\/2021\/01\/Miniatura_Disco1-65x65.png 65w, http:\/\/edicionesbarek.com\/wp-content\/uploads\/2021\/01\/Miniatura_Disco1.png 472w\" sizes=\"(max-width: 150px) 100vw, 150px\" \/><\/a>Navidad De Nuestro Se\u00f1or<\/h5>\n<p>La encarnaci\u00f3n de nuestro Se\u00f1or es uno de los acontecimientos mas gozosos para la<\/p>\n<p>Iglesia Ortodoxa: el Hijo se hizo carne y vino al mundo para otorgarnos la salvaci\u00f3n.<\/p>\n<p>En este CD se recoge la esencia de la tradici\u00f3n musical bizantina propia de este gran<\/p>\n<p>suceso, cuyos cantos han sido traducidos directamente de las versiones originales, tanto<\/p>\n<p>po\u00e9tica como musicalmente.<\/p>\n<p><a href=\"https:\/\/edicionesbarekac.mercadoshops.com.mx\/MLM-828725961-navidad-de-nuestro-senor-canto-eclesiastico-bizantino-_JM?quantity=1#position=7&amp;type=item&amp;tracking_id=f4b64fb8-6f89-4ec3-a94a-4761458fe936\" target=\"_blank\" rel=\"noopener\"><img loading=\"lazy\" decoding=\"async\" class=\"alignnone wp-image-610\" title=\"Comprar\" src=\"http:\/\/edicionesbarek.com\/wp-content\/uploads\/2021\/02\/Carrito_sinfondo-300x300.png\" alt=\"\" width=\"40\" height=\"40\" srcset=\"http:\/\/edicionesbarek.com\/wp-content\/uploads\/2021\/02\/Carrito_sinfondo-300x300.png 300w, http:\/\/edicionesbarek.com\/wp-content\/uploads\/2021\/02\/Carrito_sinfondo.png 1024w, http:\/\/edicionesbarek.com\/wp-content\/uploads\/2021\/02\/Carrito_sinfondo-150x150.png 150w, http:\/\/edicionesbarek.com\/wp-content\/uploads\/2021\/02\/Carrito_sinfondo-768x768.png 768w, http:\/\/edicionesbarek.com\/wp-content\/uploads\/2021\/02\/Carrito_sinfondo-65x65.png 65w\" sizes=\"(max-width: 40px) 100vw, 40px\" \/><\/a><\/p>\n<p>&nbsp;<\/p>\n<p>&nbsp;<\/p>\n<p>&nbsp;<\/p>\n<p>&nbsp;<\/p>\n<p>&nbsp;<\/p>\n<h5><a href=\"http:\/\/edicionesbarek.com\/wp-content\/uploads\/2021\/01\/Miniatura_Discos3.png\"><img loading=\"lazy\" decoding=\"async\" class=\"alignleft wp-image-420 size-thumbnail\" title=\"La Pasi\u00f3n Salv\u00edfica \" src=\"http:\/\/edicionesbarek.com\/wp-content\/uploads\/2021\/01\/Miniatura_Discos3-150x150.png\" alt=\"\" width=\"150\" height=\"150\" srcset=\"http:\/\/edicionesbarek.com\/wp-content\/uploads\/2021\/01\/Miniatura_Discos3-150x150.png 150w, http:\/\/edicionesbarek.com\/wp-content\/uploads\/2021\/01\/Miniatura_Discos3-300x300.png 300w, http:\/\/edicionesbarek.com\/wp-content\/uploads\/2021\/01\/Miniatura_Discos3-65x65.png 65w, http:\/\/edicionesbarek.com\/wp-content\/uploads\/2021\/01\/Miniatura_Discos3.png 472w\" sizes=\"(max-width: 150px) 100vw, 150px\" \/><\/a>La Pasi\u00f3n Salv\u00edfica<\/h5>\n<p>Dentro de la himnograf\u00eda bizantina, la Semana Santa ocupa un lugar<\/p>\n<p>preponderante, pues las oraciones, los servicios y los cantos de este<\/p>\n<p>periodo remiten detalladamente a los hechos sucedidos en esta<\/p>\n<p>semana crucial en la historia de la salvaci\u00f3n.<\/p>\n<p><a href=\"https:\/\/edicionesbarekac.mercadoshops.com.mx\/MLM-778738716-la-pasion-salvifica-canto-eclesiastico-bizantino-en-espanol-_JM?quantity=1#position=2&amp;type=item&amp;tracking_id=4a14c317-8983-4fc6-ae11-0e078a47a42c\" target=\"_blank\" rel=\"noopener\"><img loading=\"lazy\" decoding=\"async\" class=\"alignnone wp-image-610\" title=\"Comprar\" src=\"http:\/\/edicionesbarek.com\/wp-content\/uploads\/2021\/02\/Carrito_sinfondo-300x300.png\" alt=\"\" width=\"40\" height=\"40\" srcset=\"http:\/\/edicionesbarek.com\/wp-content\/uploads\/2021\/02\/Carrito_sinfondo-300x300.png 300w, http:\/\/edicionesbarek.com\/wp-content\/uploads\/2021\/02\/Carrito_sinfondo.png 1024w, http:\/\/edicionesbarek.com\/wp-content\/uploads\/2021\/02\/Carrito_sinfondo-150x150.png 150w, http:\/\/edicionesbarek.com\/wp-content\/uploads\/2021\/02\/Carrito_sinfondo-768x768.png 768w, http:\/\/edicionesbarek.com\/wp-content\/uploads\/2021\/02\/Carrito_sinfondo-65x65.png 65w\" sizes=\"(max-width: 40px) 100vw, 40px\" \/><\/a><\/p>\n<p>&nbsp;<\/p>\n<p>&nbsp;<\/p>\n<p>&nbsp;<\/p>\n<p>&nbsp;<\/p>\n<h5><a href=\"http:\/\/edicionesbarek.com\/wp-content\/uploads\/2021\/01\/Miniatura_Discos2.png\"><img loading=\"lazy\" decoding=\"async\" class=\"wp-image-421 size-thumbnail alignleft\" title=\"Par\u00e1clesis\" src=\"http:\/\/edicionesbarek.com\/wp-content\/uploads\/2021\/01\/Miniatura_Discos2-150x150.png\" alt=\"\" width=\"150\" height=\"150\" srcset=\"http:\/\/edicionesbarek.com\/wp-content\/uploads\/2021\/01\/Miniatura_Discos2-150x150.png 150w, http:\/\/edicionesbarek.com\/wp-content\/uploads\/2021\/01\/Miniatura_Discos2-300x300.png 300w, http:\/\/edicionesbarek.com\/wp-content\/uploads\/2021\/01\/Miniatura_Discos2-65x65.png 65w, http:\/\/edicionesbarek.com\/wp-content\/uploads\/2021\/01\/Miniatura_Discos2.png 472w\" sizes=\"(max-width: 150px) 100vw, 150px\" \/><\/a>Par\u00e1clesis. S\u00faplicas dirigidas<br \/>\na la Madre de Dios<\/h5>\n<p>Este servicio es muy cercano al coraz\u00f3n del pueblo ortodoxo. Se suele cantar<\/p>\n<p>durante la vigilia de la Dormici\u00f3n de la Virgen, del 1 al 15 de agosto.<\/p>\n<p>En los monasterios, la Par\u00e1clesis es celebrada constantemente durante la semana;<\/p>\n<p>los fieles se sirven de estas oraciones en sus apuros o tristezas,<\/p>\n<p>dificultades o alegr\u00edas, individual o comunitariamente.<\/p>\n<p><a href=\"https:\/\/edicionesbarekac.mercadoshops.com.mx\/MLM-778743125-paralisis-suplicas-a-la-madre-de-dios-canto-bizantino-_JM?quantity=1#position=6&amp;type=item&amp;tracking_id=f84022de-815a-4568-a53a-4919e8986251\" target=\"_blank\" rel=\"noopener\"><img loading=\"lazy\" decoding=\"async\" class=\"alignnone wp-image-610\" title=\"Comprar\" src=\"http:\/\/edicionesbarek.com\/wp-content\/uploads\/2021\/02\/Carrito_sinfondo-300x300.png\" alt=\"\" width=\"40\" height=\"40\" srcset=\"http:\/\/edicionesbarek.com\/wp-content\/uploads\/2021\/02\/Carrito_sinfondo-300x300.png 300w, http:\/\/edicionesbarek.com\/wp-content\/uploads\/2021\/02\/Carrito_sinfondo.png 1024w, http:\/\/edicionesbarek.com\/wp-content\/uploads\/2021\/02\/Carrito_sinfondo-150x150.png 150w, http:\/\/edicionesbarek.com\/wp-content\/uploads\/2021\/02\/Carrito_sinfondo-768x768.png 768w, http:\/\/edicionesbarek.com\/wp-content\/uploads\/2021\/02\/Carrito_sinfondo-65x65.png 65w\" sizes=\"(max-width: 40px) 100vw, 40px\" \/><\/a><\/p>\n<p>&nbsp;<\/p>\n<p>&nbsp;<\/p>\n<p>&nbsp;<\/p>\n<p>&nbsp;<\/p>\n<h5><a href=\"http:\/\/edicionesbarek.com\/wp-content\/uploads\/2021\/01\/Miniatura_Discos4.png\"><img loading=\"lazy\" decoding=\"async\" class=\"alignleft wp-image-419 size-thumbnail\" title=\"La Divina Liturgia \" src=\"http:\/\/edicionesbarek.com\/wp-content\/uploads\/2021\/01\/Miniatura_Discos4-150x150.png\" alt=\"\" width=\"150\" height=\"150\" srcset=\"http:\/\/edicionesbarek.com\/wp-content\/uploads\/2021\/01\/Miniatura_Discos4-150x150.png 150w, http:\/\/edicionesbarek.com\/wp-content\/uploads\/2021\/01\/Miniatura_Discos4-300x300.png 300w, http:\/\/edicionesbarek.com\/wp-content\/uploads\/2021\/01\/Miniatura_Discos4-65x65.png 65w, http:\/\/edicionesbarek.com\/wp-content\/uploads\/2021\/01\/Miniatura_Discos4.png 472w\" sizes=\"(max-width: 150px) 100vw, 150px\" \/><\/a>La Divina Liturgia<br \/>\nde San Juan Cris\u00f3stomo<\/h5>\n<p>Es el coraz\u00f3n de la vida ortodoxa. De alguna manera, este producto<\/p>\n<p>corresponde a una necesidad concreta: que el pueblo de Dios eleve<\/p>\n<p>su alabanza a su Se\u00f1or en el idioma que conoce y entiende, ya que orar es comunicarse<\/p>\n<p>y hablar con Dios.<\/p>\n<p><a href=\"https:\/\/edicionesbarekac.mercadoshops.com.mx\/MLM-778733495-la-divina-liturgia-canto-ecl-bizantino-en-espanol-_JM?quantity=1#position=4&amp;type=item&amp;tracking_id=2590674a-1b2e-4d8f-85df-b7ba04887062\" target=\"_blank\" rel=\"noopener\"><img loading=\"lazy\" decoding=\"async\" class=\"alignnone wp-image-610\" title=\"Comprar\" src=\"http:\/\/edicionesbarek.com\/wp-content\/uploads\/2021\/02\/Carrito_sinfondo-300x300.png\" alt=\"\" width=\"40\" height=\"40\" srcset=\"http:\/\/edicionesbarek.com\/wp-content\/uploads\/2021\/02\/Carrito_sinfondo-300x300.png 300w, http:\/\/edicionesbarek.com\/wp-content\/uploads\/2021\/02\/Carrito_sinfondo.png 1024w, http:\/\/edicionesbarek.com\/wp-content\/uploads\/2021\/02\/Carrito_sinfondo-150x150.png 150w, http:\/\/edicionesbarek.com\/wp-content\/uploads\/2021\/02\/Carrito_sinfondo-768x768.png 768w, http:\/\/edicionesbarek.com\/wp-content\/uploads\/2021\/02\/Carrito_sinfondo-65x65.png 65w\" sizes=\"(max-width: 40px) 100vw, 40px\" \/><\/a><\/p>\n<p>&nbsp;<\/p>\n<p>&nbsp;<\/p>\n<p>&nbsp;<\/p>\n<p>&nbsp;<\/p>\n<h5><a href=\"http:\/\/edicionesbarek.com\/wp-content\/uploads\/2021\/01\/Miniatura_Discos5.png\"><img loading=\"lazy\" decoding=\"async\" class=\"alignleft wp-image-418 size-thumbnail\" title=\"La Gloriosa Resurrecci\u00f3n \" src=\"http:\/\/edicionesbarek.com\/wp-content\/uploads\/2021\/01\/Miniatura_Discos5-150x150.png\" alt=\"\" width=\"150\" height=\"150\" srcset=\"http:\/\/edicionesbarek.com\/wp-content\/uploads\/2021\/01\/Miniatura_Discos5-150x150.png 150w, http:\/\/edicionesbarek.com\/wp-content\/uploads\/2021\/01\/Miniatura_Discos5-300x300.png 300w, http:\/\/edicionesbarek.com\/wp-content\/uploads\/2021\/01\/Miniatura_Discos5-65x65.png 65w, http:\/\/edicionesbarek.com\/wp-content\/uploads\/2021\/01\/Miniatura_Discos5.png 472w\" sizes=\"(max-width: 150px) 100vw, 150px\" \/><\/a>La Gloriosa Resurrecci\u00f3n<\/h5>\n<p>Un gozo radiante nos embarga durante la Pascua, nos vivifica con la esperanza<\/p>\n<p>verdadera. La himnograf\u00eda pascual utiliza tonos de car\u00e1cter jubiloso, solemne<\/p>\n<p>e incluso dulce; c\u00e1nticos que nos invitan a la reconciliaci\u00f3n; melod\u00edas ornamentadas<\/p>\n<p>que nos dan acceso a la alegr\u00eda salv\u00edfica: \u00a1en verdad ha resucitado!<\/p>\n<p><a href=\"https:\/\/edicionesbarekac.mercadoshops.com.mx\/MLM-778740414-la-gloriosa-resurreccion-canto-ecl-bizantino-en-espanol-_JM?quantity=1#position=5&amp;type=item&amp;tracking_id=a3c5167e-1d76-4394-864b-3a5cf9d19281\" target=\"_blank\" rel=\"noopener\"><img loading=\"lazy\" decoding=\"async\" class=\"alignnone wp-image-610\" title=\"Comprar\" src=\"http:\/\/edicionesbarek.com\/wp-content\/uploads\/2021\/02\/Carrito_sinfondo-300x300.png\" alt=\"\" width=\"40\" height=\"40\" srcset=\"http:\/\/edicionesbarek.com\/wp-content\/uploads\/2021\/02\/Carrito_sinfondo-300x300.png 300w, http:\/\/edicionesbarek.com\/wp-content\/uploads\/2021\/02\/Carrito_sinfondo.png 1024w, http:\/\/edicionesbarek.com\/wp-content\/uploads\/2021\/02\/Carrito_sinfondo-150x150.png 150w, http:\/\/edicionesbarek.com\/wp-content\/uploads\/2021\/02\/Carrito_sinfondo-768x768.png 768w, http:\/\/edicionesbarek.com\/wp-content\/uploads\/2021\/02\/Carrito_sinfondo-65x65.png 65w\" sizes=\"(max-width: 40px) 100vw, 40px\" \/><\/a><\/p>\n<p>&nbsp;<\/p>\n<p>&nbsp;<\/p>\n<p>&nbsp;<\/p>\n<p>&nbsp;<\/p>\n<h5><a href=\"http:\/\/edicionesbarek.com\/wp-content\/uploads\/2021\/01\/Miniatura_Discos6.png\"><img loading=\"lazy\" decoding=\"async\" class=\"alignleft wp-image-417 size-thumbnail\" title=\"Salmos y Alabanzas \" src=\"http:\/\/edicionesbarek.com\/wp-content\/uploads\/2021\/01\/Miniatura_Discos6-150x150.png\" alt=\"\" width=\"150\" height=\"150\" srcset=\"http:\/\/edicionesbarek.com\/wp-content\/uploads\/2021\/01\/Miniatura_Discos6-150x150.png 150w, http:\/\/edicionesbarek.com\/wp-content\/uploads\/2021\/01\/Miniatura_Discos6-300x300.png 300w, http:\/\/edicionesbarek.com\/wp-content\/uploads\/2021\/01\/Miniatura_Discos6-65x65.png 65w, http:\/\/edicionesbarek.com\/wp-content\/uploads\/2021\/01\/Miniatura_Discos6.png 472w\" sizes=\"(max-width: 150px) 100vw, 150px\" \/><\/a>Salmos y alabanzas<\/h5>\n<p>Cantos para escucharse en toda \u00e9poca del a\u00f1o que ensalzan a Dios<\/p>\n<p>nuestro Se\u00f1or y honran a la Sant\u00edsima Madre de Dios. Tesoros espirituales<\/p>\n<p>de la cristiandad de oriente que nos permiten unirnos humildemente a los<\/p>\n<p>coros celestiales en una alabanza eterna al Se\u00f1or.<\/p>\n<p><a href=\"https:\/\/edicionesbarekac.mercadoshops.com.mx\/MLM-778737569-salmos-y-alabanzas-canto-ecl-bizantino-en-espanol-_JM?quantity=1#position=1&amp;type=item&amp;tracking_id=0917e5e0-82be-4e07-87fa-e37707330f37\" target=\"_blank\" rel=\"noopener\"><img loading=\"lazy\" decoding=\"async\" class=\"alignnone wp-image-610\" title=\"Comprar\" src=\"http:\/\/edicionesbarek.com\/wp-content\/uploads\/2021\/02\/Carrito_sinfondo-300x300.png\" alt=\"\" width=\"40\" height=\"40\" srcset=\"http:\/\/edicionesbarek.com\/wp-content\/uploads\/2021\/02\/Carrito_sinfondo-300x300.png 300w, http:\/\/edicionesbarek.com\/wp-content\/uploads\/2021\/02\/Carrito_sinfondo.png 1024w, http:\/\/edicionesbarek.com\/wp-content\/uploads\/2021\/02\/Carrito_sinfondo-150x150.png 150w, http:\/\/edicionesbarek.com\/wp-content\/uploads\/2021\/02\/Carrito_sinfondo-768x768.png 768w, http:\/\/edicionesbarek.com\/wp-content\/uploads\/2021\/02\/Carrito_sinfondo-65x65.png 65w\" sizes=\"(max-width: 40px) 100vw, 40px\" \/><\/a><\/p>\n<p>&nbsp;<\/p>\n<p>&nbsp;<\/p>\n<p>&nbsp;<\/p>\n<p>&nbsp;<\/p>\n<p>&nbsp;<\/p>\n","protected":false},"excerpt":{"rendered":"<p>Canto eclesi\u00e1stico bizantino en espa\u00f1ol \u00a1El tesoro de la cristiandad de Oriente por fin en espa\u00f1ol! &nbsp; Esta serie de discos compactos grabados por el Coro de la Catedral de San Jorge en la Ciudad de M\u00e9xico nos recuerda el fervor y el misticismo de las comunidades cristianas del lugar donde surgi\u00f3 la Iglesia primitiva.\u00a0 [&hellip;]<\/p>\n","protected":false},"author":1,"featured_media":0,"parent":0,"menu_order":3,"comment_status":"closed","ping_status":"closed","template":"","meta":{"footnotes":""},"class_list":["post-95","page","type-page","status-publish","hentry"],"_links":{"self":[{"href":"http:\/\/edicionesbarek.com\/index.php?rest_route=\/wp\/v2\/pages\/95"}],"collection":[{"href":"http:\/\/edicionesbarek.com\/index.php?rest_route=\/wp\/v2\/pages"}],"about":[{"href":"http:\/\/edicionesbarek.com\/index.php?rest_route=\/wp\/v2\/types\/page"}],"author":[{"embeddable":true,"href":"http:\/\/edicionesbarek.com\/index.php?rest_route=\/wp\/v2\/users\/1"}],"replies":[{"embeddable":true,"href":"http:\/\/edicionesbarek.com\/index.php?rest_route=%2Fwp%2Fv2%2Fcomments&post=95"}],"version-history":[{"count":21,"href":"http:\/\/edicionesbarek.com\/index.php?rest_route=\/wp\/v2\/pages\/95\/revisions"}],"predecessor-version":[{"id":2344,"href":"http:\/\/edicionesbarek.com\/index.php?rest_route=\/wp\/v2\/pages\/95\/revisions\/2344"}],"wp:attachment":[{"href":"http:\/\/edicionesbarek.com\/index.php?rest_route=%2Fwp%2Fv2%2Fmedia&parent=95"}],"curies":[{"name":"wp","href":"https:\/\/api.w.org\/{rel}","templated":true}]}}