{"id":93,"date":"2020-10-07T06:38:32","date_gmt":"2020-10-07T06:38:32","guid":{"rendered":"http:\/\/edicionesbarek.com\/?page_id=93"},"modified":"2021-09-18T18:22:34","modified_gmt":"2021-09-18T18:22:34","slug":"libros","status":"publish","type":"page","link":"http:\/\/edicionesbarek.com\/?page_id=93","title":{"rendered":"Libros"},"content":{"rendered":"<h3><\/h3>\n<h1 style=\"text-align: center;\"><a href=\"http:\/\/edicionesbarek.com\/?page_id=159\">L\u00edt\u00fargicos &#8211; <\/a><a href=\"http:\/\/edicionesbarek.com\/?page_id=161\">Catequ\u00e9ticos &#8211; <\/a><a href=\"http:\/\/edicionesbarek.com\/?page_id=163\">Espirituales &#8211; <\/a><a href=\"http:\/\/edicionesbarek.com\/?page_id=612\">Otras Editoriales<\/a><\/h1>\n<p>&nbsp;<\/p>\n<p>&nbsp;<\/p>\n<h3><a href=\"https:\/\/edicionesbarekac.mercadoshops.com.mx\/libros\/\" target=\"_blank\" rel=\"noopener\"><img loading=\"lazy\" decoding=\"async\" class=\"alignnone wp-image-692 size-full\" src=\"http:\/\/edicionesbarek.com\/wp-content\/uploads\/2021\/02\/libros_pg-scaled.jpg\" alt=\"\" width=\"2560\" height=\"1348\" srcset=\"http:\/\/edicionesbarek.com\/wp-content\/uploads\/2021\/02\/libros_pg-scaled.jpg 2560w, http:\/\/edicionesbarek.com\/wp-content\/uploads\/2021\/02\/libros_pg-300x158.jpg 300w, http:\/\/edicionesbarek.com\/wp-content\/uploads\/2021\/02\/libros_pg-1024x539.jpg 1024w, http:\/\/edicionesbarek.com\/wp-content\/uploads\/2021\/02\/libros_pg-768x404.jpg 768w, http:\/\/edicionesbarek.com\/wp-content\/uploads\/2021\/02\/libros_pg-1536x809.jpg 1536w, http:\/\/edicionesbarek.com\/wp-content\/uploads\/2021\/02\/libros_pg-2048x1078.jpg 2048w\" sizes=\"(max-width: 2560px) 100vw, 2560px\" \/><\/a><\/h3>\n","protected":false},"excerpt":{"rendered":"<p>L\u00edt\u00fargicos &#8211; Catequ\u00e9ticos &#8211; Espirituales &#8211; Otras Editoriales &nbsp; &nbsp;<\/p>\n","protected":false},"author":1,"featured_media":0,"parent":0,"menu_order":0,"comment_status":"closed","ping_status":"closed","template":"","meta":{"footnotes":""},"class_list":["post-93","page","type-page","status-publish","hentry"],"_links":{"self":[{"href":"http:\/\/edicionesbarek.com\/index.php?rest_route=\/wp\/v2\/pages\/93"}],"collection":[{"href":"http:\/\/edicionesbarek.com\/index.php?rest_route=\/wp\/v2\/pages"}],"about":[{"href":"http:\/\/edicionesbarek.com\/index.php?rest_route=\/wp\/v2\/types\/page"}],"author":[{"embeddable":true,"href":"http:\/\/edicionesbarek.com\/index.php?rest_route=\/wp\/v2\/users\/1"}],"replies":[{"embeddable":true,"href":"http:\/\/edicionesbarek.com\/index.php?rest_route=%2Fwp%2Fv2%2Fcomments&post=93"}],"version-history":[{"count":38,"href":"http:\/\/edicionesbarek.com\/index.php?rest_route=\/wp\/v2\/pages\/93\/revisions"}],"predecessor-version":[{"id":696,"href":"http:\/\/edicionesbarek.com\/index.php?rest_route=\/wp\/v2\/pages\/93\/revisions\/696"}],"wp:attachment":[{"href":"http:\/\/edicionesbarek.com\/index.php?rest_route=%2Fwp%2Fv2%2Fmedia&parent=93"}],"curies":[{"name":"wp","href":"https:\/\/api.w.org\/{rel}","templated":true}]}}