{"id":91,"date":"2020-10-07T06:38:13","date_gmt":"2020-10-07T06:38:13","guid":{"rendered":"http:\/\/edicionesbarek.com\/?page_id=91"},"modified":"2021-09-18T18:23:26","modified_gmt":"2021-09-18T18:23:26","slug":"novedades","status":"publish","type":"page","link":"http:\/\/edicionesbarek.com\/?page_id=91","title":{"rendered":"Iconos"},"content":{"rendered":"<p><em>\u00abQuien contempla los iconos es &#8216;transformado&#8217; en virtud de una especie de acci\u00f3n sacramental. Los iconos son el retrato de Cristo encarnado, o de sus amigos, en quienes vive Cristo. El culto cristiano de las im\u00e1genes no es contrario al primer mandamiento que proscribe los \u00eddolos. &#8216;El honor dado a una imagen se remonta al modelo original\u201d.\u00a0 \u201cEl que venera una imagen, venera en ella la persona que en ella est\u00e1 representada\u201d.\u00a0 El honor tributado a las im\u00e1genes sagradas es una veneraci\u00f3n respetuosa, no una adoraci\u00f3n, que s\u00f3lo corresponde a Dios.\u00bb<\/em><\/p>\n<p>&nbsp;<\/p>\n<p>&nbsp;<\/p>\n<p>&nbsp;<\/p>\n<p style=\"text-align: center;\"><a href=\"https:\/\/edicionesbarekac.mercadoshops.com.mx\/hogar\/\" target=\"_blank\" rel=\"noopener\"><img loading=\"lazy\" decoding=\"async\" class=\"alignnone wp-image-667 size-full\" title=\"Ir a Tienda \" src=\"http:\/\/edicionesbarek.com\/wp-content\/uploads\/2021\/02\/Miniatura_iconos_pg_PNG.png\" alt=\"\" width=\"4032\" height=\"2123\" srcset=\"http:\/\/edicionesbarek.com\/wp-content\/uploads\/2021\/02\/Miniatura_iconos_pg_PNG.png 4032w, http:\/\/edicionesbarek.com\/wp-content\/uploads\/2021\/02\/Miniatura_iconos_pg_PNG-300x158.png 300w, http:\/\/edicionesbarek.com\/wp-content\/uploads\/2021\/02\/Miniatura_iconos_pg_PNG-1024x539.png 1024w, http:\/\/edicionesbarek.com\/wp-content\/uploads\/2021\/02\/Miniatura_iconos_pg_PNG-768x404.png 768w, http:\/\/edicionesbarek.com\/wp-content\/uploads\/2021\/02\/Miniatura_iconos_pg_PNG-1536x809.png 1536w, http:\/\/edicionesbarek.com\/wp-content\/uploads\/2021\/02\/Miniatura_iconos_pg_PNG-2048x1078.png 2048w\" sizes=\"(max-width: 4032px) 100vw, 4032px\" \/><\/a><\/p>\n<p>&nbsp;<\/p>\n<p>&nbsp;<\/p>\n<h1 style=\"text-align: center;\"><a href=\"https:\/\/edicionesbarekac.mercadoshops.com.mx\/\" target=\"_blank\" rel=\"noopener noreferrer\">\u00a0<\/a><\/h1>\n","protected":false},"excerpt":{"rendered":"<p>\u00abQuien contempla los iconos es &#8216;transformado&#8217; en virtud de una especie de acci\u00f3n sacramental. Los iconos son el retrato de Cristo encarnado, o de sus amigos, en quienes vive Cristo. El culto cristiano de las im\u00e1genes no es contrario al primer mandamiento que proscribe los \u00eddolos. &#8216;El honor dado a una imagen se remonta al [&hellip;]<\/p>\n","protected":false},"author":1,"featured_media":0,"parent":0,"menu_order":3,"comment_status":"closed","ping_status":"closed","template":"","meta":{"footnotes":""},"class_list":["post-91","page","type-page","status-publish","hentry"],"_links":{"self":[{"href":"http:\/\/edicionesbarek.com\/index.php?rest_route=\/wp\/v2\/pages\/91"}],"collection":[{"href":"http:\/\/edicionesbarek.com\/index.php?rest_route=\/wp\/v2\/pages"}],"about":[{"href":"http:\/\/edicionesbarek.com\/index.php?rest_route=\/wp\/v2\/types\/page"}],"author":[{"embeddable":true,"href":"http:\/\/edicionesbarek.com\/index.php?rest_route=\/wp\/v2\/users\/1"}],"replies":[{"embeddable":true,"href":"http:\/\/edicionesbarek.com\/index.php?rest_route=%2Fwp%2Fv2%2Fcomments&post=91"}],"version-history":[{"count":16,"href":"http:\/\/edicionesbarek.com\/index.php?rest_route=\/wp\/v2\/pages\/91\/revisions"}],"predecessor-version":[{"id":665,"href":"http:\/\/edicionesbarek.com\/index.php?rest_route=\/wp\/v2\/pages\/91\/revisions\/665"}],"wp:attachment":[{"href":"http:\/\/edicionesbarek.com\/index.php?rest_route=%2Fwp%2Fv2%2Fmedia&parent=91"}],"curies":[{"name":"wp","href":"https:\/\/api.w.org\/{rel}","templated":true}]}}