{"id":549,"date":"2021-01-26T20:07:17","date_gmt":"2021-01-26T20:07:17","guid":{"rendered":"http:\/\/edicionesbarek.com\/?page_id=549"},"modified":"2025-08-08T18:28:35","modified_gmt":"2025-08-08T18:28:35","slug":"quienes-somos","status":"publish","type":"page","link":"http:\/\/edicionesbarek.com\/?page_id=549","title":{"rendered":"Quienes Somos"},"content":{"rendered":"<h5>Ediciones Barek es la culminaci\u00f3n del trabajo editorial que desde hace 50 a\u00f1os ha venido elaborando la arquidi\u00f3cesis de M\u00e9xico, Venezuela, Centroam\u00e9rica y el Caribe de la Iglesia Ortodoxa Antioquena, con el fin de ofrecer material educativo, pastoral y lit\u00fargico que alimente a su amada feligres\u00eda y d\u00e9 a conocer, en castellano, la riqueza de la aut\u00e9ntica Tradici\u00f3n de la Ortodoxia.<\/h5>\n<h5>Con la bendici\u00f3n de S. E. Metropolita Ignacio, a finales de 2018 se establece oficialmente Ediciones Barek como el \u00f3rgano responsable de recopilar, clasificar, promocionar y distribuir el material elaborado, pero tambi\u00e9n de administrar un plan de publicaci\u00f3n que satisfaga las necesidades y los requerimientos de la vida pastoral y de la pr\u00e9dica de la palabra como \u201cla hemos recibido desde el principio\u201d.<\/h5>\n<h5><img loading=\"lazy\" decoding=\"async\" class=\"alignright wp-image-508\" title=\"La Divina Liturgia\" src=\"http:\/\/edicionesbarek.com\/wp-content\/uploads\/2021\/02\/Mano_barek.png\" alt=\"\" width=\"65\" height=\"65\" \/><br \/>\nBarek (transliteraci\u00f3n de la palabra \u00e1rabe ) significa \u201cbendice\u201d, y su logotipo es la mano iconogr\u00e1fica del Se\u00f1or que bendice nuestra empresa para gloria de su Nombre. Al llamar Barek a nuestra casa editorial rendimos homenaje a nuestra Iglesia Antioquena, que ha predicado en \u00e1rabe, y no ha dejado de esforzarse para unir bajo las alas de su Tradici\u00f3n a todos sus hijos hasta los confines de la tierra.<\/h5>\n<h5>Los productos presentados, libros y discos, son fruto del trabajo de la arquidi\u00f3cesis a lo largo de las \u00faltimas d\u00e9cadas. Ofrecemos, adem\u00e1s, la posibilidad de incorporar otras obras o coordinarnos con cualquier esfuerzo editorial af\u00edn al nuestro en las \u00e1reas de edici\u00f3n, publicaci\u00f3n y distribuci\u00f3n.<\/h5>\n<p>&nbsp;<\/p>\n<h5 style=\"margin-top: 0px; line-height: 1.33333;\"><img loading=\"lazy\" decoding=\"async\" class=\"aligncenter wp-image-680\" src=\"http:\/\/edicionesbarek.com\/wp-content\/uploads\/2021\/02\/49641359_373240436784622_2235359550754521088_n-1.png\" alt=\"\" width=\"400\" height=\"335\" srcset=\"http:\/\/edicionesbarek.com\/wp-content\/uploads\/2021\/02\/49641359_373240436784622_2235359550754521088_n-1.png 940w, http:\/\/edicionesbarek.com\/wp-content\/uploads\/2021\/02\/49641359_373240436784622_2235359550754521088_n-1-300x251.png 300w, http:\/\/edicionesbarek.com\/wp-content\/uploads\/2021\/02\/49641359_373240436784622_2235359550754521088_n-1-768x644.png 768w\" sizes=\"(max-width: 400px) 100vw, 400px\" \/><\/h5>\n<p>&nbsp;<\/p>\n<h4 style=\"text-align: center;\"><strong>Ofrecemos tambi\u00e9n nuestro cat\u00e1logo del a\u00f1o 2025 en la siguiente liga:<\/strong><\/h4>\n<p>&nbsp;<\/p>\n<p style=\"text-align: center;\"><a href=\"http:\/\/edicionesbarek.com\/wp-content\/uploads\/2025\/08\/Catalogo-2025_BAREK-1-1.pdf\">Cata\u0301logo 2025_BAREK<\/a><\/p>\n<p style=\"text-align: center;\"><a href=\"https:\/\/edicionesbarek.com\/wp-content\/uploads\/2025\/08\/Catalogo-2025_BAREK-1-1.pdf\" target=\"_blank\" rel=\"noopener\"><img loading=\"lazy\" decoding=\"async\" class=\"aligncenter wp-image-2671 size-large\" src=\"http:\/\/edicionesbarek.com\/wp-content\/uploads\/2025\/08\/Captura-de-pantalla-2025-08-08-115123-1024x634.png\" alt=\"\" width=\"900\" height=\"557\" srcset=\"http:\/\/edicionesbarek.com\/wp-content\/uploads\/2025\/08\/Captura-de-pantalla-2025-08-08-115123-1024x634.png 1024w, http:\/\/edicionesbarek.com\/wp-content\/uploads\/2025\/08\/Captura-de-pantalla-2025-08-08-115123-300x186.png 300w, http:\/\/edicionesbarek.com\/wp-content\/uploads\/2025\/08\/Captura-de-pantalla-2025-08-08-115123-768x476.png 768w, http:\/\/edicionesbarek.com\/wp-content\/uploads\/2025\/08\/Captura-de-pantalla-2025-08-08-115123.png 1198w\" sizes=\"(max-width: 900px) 100vw, 900px\" \/><\/a><\/p>\n","protected":false},"excerpt":{"rendered":"<p>Ediciones Barek es la culminaci\u00f3n del trabajo editorial que desde hace 50 a\u00f1os ha venido elaborando la arquidi\u00f3cesis de M\u00e9xico, Venezuela, Centroam\u00e9rica y el Caribe de la Iglesia Ortodoxa Antioquena, con el fin de ofrecer material educativo, pastoral y lit\u00fargico que alimente a su amada feligres\u00eda y d\u00e9 a conocer, en castellano, la riqueza de [&hellip;]<\/p>\n","protected":false},"author":4,"featured_media":0,"parent":0,"menu_order":0,"comment_status":"closed","ping_status":"closed","template":"","meta":{"footnotes":""},"class_list":["post-549","page","type-page","status-publish","hentry"],"_links":{"self":[{"href":"http:\/\/edicionesbarek.com\/index.php?rest_route=\/wp\/v2\/pages\/549"}],"collection":[{"href":"http:\/\/edicionesbarek.com\/index.php?rest_route=\/wp\/v2\/pages"}],"about":[{"href":"http:\/\/edicionesbarek.com\/index.php?rest_route=\/wp\/v2\/types\/page"}],"author":[{"embeddable":true,"href":"http:\/\/edicionesbarek.com\/index.php?rest_route=\/wp\/v2\/users\/4"}],"replies":[{"embeddable":true,"href":"http:\/\/edicionesbarek.com\/index.php?rest_route=%2Fwp%2Fv2%2Fcomments&post=549"}],"version-history":[{"count":15,"href":"http:\/\/edicionesbarek.com\/index.php?rest_route=\/wp\/v2\/pages\/549\/revisions"}],"predecessor-version":[{"id":2674,"href":"http:\/\/edicionesbarek.com\/index.php?rest_route=\/wp\/v2\/pages\/549\/revisions\/2674"}],"wp:attachment":[{"href":"http:\/\/edicionesbarek.com\/index.php?rest_route=%2Fwp%2Fv2%2Fmedia&parent=549"}],"curies":[{"name":"wp","href":"https:\/\/api.w.org\/{rel}","templated":true}]}}